{"id":80,"date":"2013-03-31T10:06:47","date_gmt":"2013-03-31T10:06:47","guid":{"rendered":"http:\/\/medicwiki.com\/?page_id=80"},"modified":"2013-08-16T17:50:40","modified_gmt":"2013-08-16T16:50:40","slug":"impressum","status":"publish","type":"page","link":"http:\/\/medicwiki.com\/?page_id=80","title":{"rendered":"Impressum"},"content":{"rendered":"<p>Angaben gem\u00e4\u00df \u00a7 5 TMG<\/p>\n<h3>Verantwortlich f\u00fcr die Website<\/h3>\n<p>Michael Reng, Kreuzstr. 21, 93077 Bad Abbach\u00a0E-Mail: <a href=\"mailto:info@medicwiki.com.de\">info@medicwiki.com<\/a><\/p>\n<p>Verantwortlich f\u00fcr den Inhalt nach \u00a7 55 Abs. 2 RStV sind die jeweiligen Autoren der Artikel bzw. der Kommentare. Es gelten die <a title=\"Nutzungsbedingungen\" href=\"http:\/\/bayerische-notaerzte.de\/?page_id=24\">Nutzungsbedingungen<\/a> dieser Site.<\/p>\n<h3><strong>Haftungsausschluss<\/strong><\/h3>\n<h4>Haftung f\u00fcr Inhalte<\/h4>\n<p>Die Inhalte dieser Site wurden mit gr\u00f6\u00dfter Sorgfalt erstellt. F\u00fcr die Richtigkeit, Vollst\u00e4ndigkeit und Aktualit\u00e4t der Inhalte k\u00f6nnen die Betreiber dieser Website jedoch keine Gew\u00e4hr \u00fcbernehmen. Besonders bei medizinischen Handlungsanweisungen und Dosierungen muss der Benutzer stets \u00fcberpr\u00fcfen, ob die angegebenen Daten dem aktuellen Erkenntnisstand entsprechen.<\/p>\n<div>\u00a0Als Diensteanbieter sind die Betreiber dieser Website gem\u00e4\u00df \u00a7 7 Abs.1 TMG f\u00fcr eigene Inhalte auf diesen Seiten nach den allgemeinen Gesetzen verantwortlich. Nach \u00a7\u00a7 8 bis 10 TMG sind Diensteanbieter jedoch nicht verpflichtet, \u00fcbermittelte oder gespeicherte fremde Informationen zu \u00fcberwachen oder nach Umst\u00e4nden zu forschen, die auf eine rechtswidrige T\u00e4tigkeit hinweisen. Verpflichtungen zur Entfernung oder Sperrung der Nutzung von Informationen nach den allgemeinen Gesetzen bleiben hiervon unber\u00fchrt. Eine diesbez\u00fcgliche Haftung ist jedoch erst ab dem Zeitpunkt der Kenntnis einer konkreten Rechtsverletzung m\u00f6glich. Bei Bekanntwerden von entsprechenden Rechtsverletzungen werden diese Inhalte umgehend entfernt.<\/div>\n<h4>Haftung f\u00fcr Links<\/h4>\n<p>Dieses Angebot enth\u00e4lt Links zu externen Webseiten Dritter, auf deren Inhalte die Betreiber dieser Website keinen Einfluss haben. Deshalb kann f\u00fcr diese fremden Inhalte auch keine Gew\u00e4hr \u00fcbernommen werden. F\u00fcr die Inhalte der verlinkten Seiten ist stets der jeweilige Anbieter oder Betreiber der verlinkten Seite verantwortlich. Die verlinkten Seiten wurden zum Zeitpunkt der Verlinkung auf m\u00f6gliche Rechtsverst\u00f6\u00dfe \u00fcberpr\u00fcft. Rechtswidrige Inhalte waren zum Zeitpunkt der Verlinkung nicht erkennbar. Eine permanente inhaltliche Kontrolle der verlinkten Seiten ist jedoch ohne konkrete Anhaltspunkte einer Rechtsverletzung nicht zumutbar. Bei Bekanntwerden von Rechtsverletzungen werden derartige Links umgehend entfernt.<\/p>\n<h4>Urheberrecht<\/h4>\n<p>Die durch Betreiber und Besucher dieser Website erstellten Inhalte unterliegen dem deutschen Urheberrecht. Die Vervielf\u00e4ltigung, Bearbeitung, Verbreitung und jede Art der Verwertung au\u00dferhalb der Grenzen des Urheberrechtes bed\u00fcrfen der schriftlichen Zustimmung des jeweiligen Autors. Downloads und Kopien dieser Seite sind nur f\u00fcr den privaten, nicht kommerziellen Gebrauch gestattet. Soweit die Inhalte auf dieser Seite nicht vom Betreiber erstellt wurden, werden die Urheberrechte Dritter beachtet. Insbesondere werden Inhalte Dritter als solche gekennzeichnet. Sollten Sie trotzdem auf eine Urheberrechtsverletzung aufmerksam werden, bitten wir um einen entsprechenden Hinweis. Bei Bekanntwerden von Rechtsverletzungen werden derartige Inhalte umgehend entfernt.<\/p>\n<h4>Datenschutz<\/h4>\n<p>Die Nutzung unserer Webseite ist \u2013 soweit nicht Inhalte erstellt werden \u2013 ohne Angabe personenbezogener Daten m\u00f6glich. Soweit auf unseren Seiten personenbezogene Daten (beispielsweise Name, Anschrift oder eMail-Adressen) erhoben werden, erfolgt dies auf freiwilliger Basis bzw. um Autorenschaften und inhaltliche Verantwortung festzulegen. Diese Daten werden ohne nicht an Dritte weitergegeben.<\/p>\n<p>Wir weisen darauf hin, dass die Daten\u00fcbertragung im Internet (z.B. bei der Kommunikation per E-Mail) Sicherheitsl\u00fccken aufweisen kann. Ein l\u00fcckenloser Schutz der Daten vor dem Zugriff durch Dritte ist nicht m\u00f6glich.<\/p>\n<p>Der Nutzung von im Rahmen der Impressumspflicht ver\u00f6ffentlichten Kontaktdaten durch Dritte zur \u00dcbersendung von nicht ausdr\u00fccklich angeforderter Werbung und Informationsmaterialien wird hiermit ausdr\u00fccklich widersprochen. Die Betreiber der Seiten behalten sich ausdr\u00fccklich rechtliche Schritte im Falle der unverlangten Zusendung von Werbeinformationen, etwa durch Spam-Mails, vor.<\/p>\n<p><em>Quellenangabe: Dieses Impressum wurde mit Unterst\u00fctzung von eRecht24.de erstellt.<\/em><\/p>\n","protected":false},"excerpt":{"rendered":"<p>Angaben gem\u00e4\u00df \u00a7 5 TMG Verantwortlich f\u00fcr die Website Michael Reng, Kreuzstr. 21, 93077 Bad Abbach\u00a0E-Mail: info@medicwiki.com Verantwortlich f\u00fcr den Inhalt nach \u00a7 55 Abs. 2 RStV sind die jeweiligen Autoren der Artikel bzw. der Kommentare. Es gelten die Nutzungsbedingungen dieser Site. Haftungsausschluss Haftung f\u00fcr Inhalte Die Inhalte dieser Site wurden mit gr\u00f6\u00dfter Sorgfalt erstellt&#8230;.<\/p>\n<p><a href=\"http:\/\/medicwiki.com\/?page_id=80\"><span class=\"glyphicon glyphicon-arrow-right\"><\/span>&nbsp;Weiterlesen<\/a><\/p>","protected":false},"author":1,"featured_media":0,"parent":0,"menu_order":0,"comment_status":"closed","ping_status":"closed","template":"","meta":{"footnotes":""},"class_list":["post-80","page","type-page","status-publish","hentry"],"_links":{"self":[{"href":"http:\/\/medicwiki.com\/index.php?rest_route=\/wp\/v2\/pages\/80","targetHints":{"allow":["GET"]}}],"collection":[{"href":"http:\/\/medicwiki.com\/index.php?rest_route=\/wp\/v2\/pages"}],"about":[{"href":"http:\/\/medicwiki.com\/index.php?rest_route=\/wp\/v2\/types\/page"}],"author":[{"embeddable":true,"href":"http:\/\/medicwiki.com\/index.php?rest_route=\/wp\/v2\/users\/1"}],"replies":[{"embeddable":true,"href":"http:\/\/medicwiki.com\/index.php?rest_route=%2Fwp%2Fv2%2Fcomments&post=80"}],"version-history":[{"count":6,"href":"http:\/\/medicwiki.com\/index.php?rest_route=\/wp\/v2\/pages\/80\/revisions"}],"predecessor-version":[{"id":173,"href":"http:\/\/medicwiki.com\/index.php?rest_route=\/wp\/v2\/pages\/80\/revisions\/173"}],"wp:attachment":[{"href":"http:\/\/medicwiki.com\/index.php?rest_route=%2Fwp%2Fv2%2Fmedia&parent=80"}],"curies":[{"name":"wp","href":"https:\/\/api.w.org\/{rel}","templated":true}]}}